{"id":3019,"date":"2024-06-18T01:21:22","date_gmt":"2024-06-17T23:21:22","guid":{"rendered":"https:\/\/lodzwielukultur.pl\/about-festival\/volunteering\/"},"modified":"2025-07-15T10:56:46","modified_gmt":"2025-07-15T08:56:46","slug":"volunteering","status":"publish","type":"page","link":"https:\/\/2025.lodzwielukultur.pl\/en\/about-festival\/volunteering\/","title":{"rendered":"Volunteering"},"content":{"rendered":"\n<h1 class=\"wp-block-heading\">Volunteering<\/h1>\n\n<h2 class=\"wp-block-heading\">For who ?<\/h2>\n\n<p>We&#8217;re looking for people who are ambitious, unafraid of new challenges, and eager to get a behind-the-scenes look at how a major cultural festival comes to life!<\/p>\n\n<p><em>It\u2019s also an opportunity to complete a required number of internship hours as part of your studies!<\/em><\/p>\n\n<h2 class=\"wp-block-heading\">What are we looking for?<\/h2>\n\n<ul class=\"wp-block-list\">\n<li>\u2013 availability during the Festival in October and during the preview events in September;<\/li>\n\n\n\n<li>\u2013 a communicative level of English is welcome;<\/li>\n\n\n\n<li>\u2013 a polite and respectful attitude, as well as the ability to work in a team.<\/li>\n<\/ul>\n\n<p>Minors can also volunteer during the Festival \u2014 the only requirement is PARENTAL\/LEGAL GUARDIAN CONSENT!<\/p>\n\n<h2 class=\"wp-block-heading\">Tasks you may be assigned:<\/h2>\n\n<ul class=\"wp-block-list\">\n<li>\u2013 online tasks as well as on-site duties at the Marek Edelman Dialogue Center and at various event venues <\/li>\n\n\n\n<li>\u2013 audience research<\/li>\n\n\n\n<li>\u2013 assistance with distributing promotional materials<\/li>\n\n\n\n<li>\u2013 assistance with organizing the Festival Center<\/li>\n\n\n\n<li>\u2013 logistical support in organizing events such as walks, themed days, picnics, meetings, and more&#8230;<\/li>\n\n\n\n<li>\u2013 assistance with editing written materials<\/li>\n\n\n\n<li>\u2013 assistance with creating reels and audiovisual materials for social media<\/li>\n\n\n\n<li>\u2013 supporting the day-to-day work of the production and festival team<\/li>\n<\/ul>\n\n<p>The most important thing is that the tasks listed above are just examples! You get to decide together with the volunteer coordinator how you want to contribute! We want every volunteer not only to help shape this year\u2019s edition but also to work in the area that interests them the most!  <\/p>\n\n<h2 class=\"wp-block-heading\">What do we offer?<\/h2>\n\n<ul class=\"wp-block-list\">\n<li>\u2013 gaining experience working in the cultural sector and organizing cultural events<\/li>\n\n\n\n<li>\u2013 the opportunity to create one of the most important urban festivals in Poland<\/li>\n\n\n\n<li>\u2013 working in a dynamic, close-knit team and a friendly atmosphere<\/li>\n\n\n\n<li>\u2013 a certificate of volunteer service at the \u0141\u00f3d\u017a of Many Cultures Festival (a great addition to your CV!)<\/li>\n\n\n\n<li>\u2013 free access to Festival events and behind-the-scenes experiences<\/li>\n\n\n\n<li>\u2013 self-development and soft-skills<\/li>\n\n\n\n<li>\u2013 social gatherings and meetings with our producers<\/li>\n\n\n\n<li>\u2013 new friendships and a great way to spend your time<\/li>\n\n\n\n<li>\u2013 opportunity to complete hours that count toward your professional internships<\/li>\n\n\n\n<li>\u2013 meals provided during longer events<\/li>\n<\/ul>\n\n<h2 class=\"wp-block-heading\">Important deadlines!<\/h2>\n\n<p><strong>Applications are open until Thursday, June 19th, 11:59 PM!<\/strong><\/p>\n\n<p>The \u0141\u00f3d\u017a of Many Cultures Festival 2025 will take place from October 3rd to 12th, 2025. That\u2019s when we\u2019ll need your help the most! In September, there will also be pre-festival events where we would love to have your support.  <\/p>\n\n<h2 class=\"wp-block-heading\">Opinions <\/h2>\n\n<p>If you\u2019re still wondering whether it\u2019s worth joining us, here are a few words from our volunteers and interns from last year! \ud83d\ude42<\/p>\n\n<p><em><strong>I remember my internship at the Festival so fondly that the next year I came back as a volunteer. Wonderful, inspiring, and committed people, a great atmosphere, and being surrounded by culture \u2014 in such conditions, even sudden challenges aren\u2019t scary. Although the Festival is an intense time, I\u2019m sure every culture lover will find great satisfaction in helping to create it  <\/strong><\/em>.<br \/>\u2013 Ma\u0142gorzata, intern and volunteer, student of Polish-German Studies and International Relations<\/p>\n\n<p><strong><em>I was really lucky to join the Dialogue Center during the Festival for my very first internship year. Despite the wide variety of activities we could choose from based on our interests and skills, they were all very well organized. I hope I\u2019ll also have the chance to participate in the next edition of the Festival.  <\/em><\/strong> \u2013 Victoria, intern, student of theater production and event management<\/p>\n\n<p><strong><em>Interning at the \u0141\u00f3d\u017a of Many Cultures Festival was definitely one of the best decisions of my life. On one hand, it was a required part of my studies, but on the other, it brought me a wealth of new experiences, wonderful people, and fascinating events. Even though it\u2019s been almost a year since it ended, my heart still warms whenever I think back to that time!  <\/em><\/strong> \u2013 Ania, intern, student of New Media and Digital Culture<\/p>\n\n<p><strong><em>I have very positive memories of my internship at the Dialogue Center. I joined a friendly and supportive team, as well as comradely interns and volunteers. I had the opportunity to see how cultural events are organized and how the team works during their implementation. I actively participated in the process, helping with preparations for exhibitions, workshops, and other attractions, as well as ensuring their smooth running. I gained many valuable skills, such as teamwork and working under time pressure. My internship supervisor, Piotr Rembowski, was very helpful and well-organized \u2013 he made sure we were always informed and felt comfortable during the internship. Communication was smooth and easy. It was a very valuable experience that will definitely benefit me in the future, and also a pleasant time spent with great people.       <\/em><\/strong> \u2013 Monika, intern and volunteer, student of cultural studies<\/p>\n\n<p><em><strong>I have very fond memories of my internship at the Festival of Many Cultures! It gave me the chance to spend time at amazing events in a really friendly atmosphere. Even the early morning (6 a.m.) tough tasks I carried out gladly\u2014I never felt forced, thanks to our awesome coordinator, Piotrek.  <\/strong><\/em> \u2013 Daria, intern and volunteer, student of theater production and event management<\/p>\n\n<p>P.S. All the statements were given voluntarily, without any pressure from me. I myself have very fond memories of last year\u2019s edition and I\u2019m happy to have worked with such amazing people! \u2013 Piotrek, volunteer and internship coordinator  <\/p>\n\n<h2 class=\"wp-block-heading\">How to apply?<\/h2>\n\n<p>To apply for a volunteer position at the Festival, simply fill out the <a href=\"https:\/\/forms.gle\/d3GVm7bx5tEN9gE26\">FORM<\/a>.<\/p>\n\n<p>It is also possible to complete professional internships during the Festival \u2014 in that case, please fill out the designated form as well!<\/p>\n\n<p>If you have any questions, feel free to contact our coordinator for volunteering and internships, Piotr Remowski, by email at <strong>p.rembowski@centrumdialogu.com<\/strong><br \/>or by phone at <strong>(+48) 667 457 180<\/strong><\/p>\n\n<p>Piotr will answer to all your questions! <\/p>\n\n<p>Volunteer and internship activities will take place starting from the end of August! An organizational meeting is planned earlier, in June. <\/p>\n","protected":false},"excerpt":{"rendered":"<p>Volunteering For who ? We&#8217;re looking for people who are ambitious, unafraid of new challenges, and eager to get a behind-the-scenes look at how a major cultural festival comes to life! It\u2019s also an opportunity to complete a required number of internship hours as part of your studies! What are we looking for? Minors can [&hellip;]<\/p>\n","protected":false},"author":1,"featured_media":2031,"parent":942,"menu_order":0,"comment_status":"closed","ping_status":"closed","template":"","meta":{"_acf_changed":false,"inline_featured_image":false,"footnotes":""},"class_list":["post-3019","page","type-page","status-publish","has-post-thumbnail","hentry"],"acf":[],"yoast_head":"<!-- This site is optimized with the Yoast SEO plugin v25.9 - https:\/\/yoast.com\/wordpress\/plugins\/seo\/ -->\n<title>Volunteering - Festiwal<\/title>\n<meta name=\"robots\" content=\"index, follow, max-snippet:-1, max-image-preview:large, max-video-preview:-1\" \/>\n<link rel=\"canonical\" href=\"https:\/\/2025.lodzwielukultur.pl\/en\/about-festival\/volunteering\/\" \/>\n<meta property=\"og:locale\" content=\"en_US\" \/>\n<meta property=\"og:type\" content=\"article\" \/>\n<meta property=\"og:title\" content=\"Volunteering - Festiwal\" \/>\n<meta property=\"og:description\" content=\"Volunteering For who ? We&#8217;re looking for people who are ambitious, unafraid of new challenges, and eager to get a behind-the-scenes look at how a major cultural festival comes to life! It\u2019s also an opportunity to complete a required number of internship hours as part of your studies! What are we looking for? Minors can [&hellip;]\" \/>\n<meta property=\"og:url\" content=\"https:\/\/2025.lodzwielukultur.pl\/en\/about-festival\/volunteering\/\" \/>\n<meta property=\"og:site_name\" content=\"Festiwal\" \/>\n<meta property=\"article:modified_time\" content=\"2025-07-15T08:56:46+00:00\" \/>\n<meta property=\"og:image\" content=\"https:\/\/2025.lodzwielukultur.pl\/wp-content\/uploads\/2024\/09\/FLWK24_SPACER_22_09_FOT_HAWA_DSC01028.jpg\" \/>\n\t<meta property=\"og:image:width\" content=\"2048\" \/>\n\t<meta property=\"og:image:height\" content=\"1365\" \/>\n\t<meta property=\"og:image:type\" content=\"image\/jpeg\" \/>\n<meta name=\"twitter:card\" content=\"summary_large_image\" \/>\n<meta name=\"twitter:label1\" content=\"Est. reading time\" \/>\n\t<meta name=\"twitter:data1\" content=\"5 minutes\" \/>\n<script type=\"application\/ld+json\" class=\"yoast-schema-graph\">{\"@context\":\"https:\/\/schema.org\",\"@graph\":[{\"@type\":\"WebPage\",\"@id\":\"https:\/\/2025.lodzwielukultur.pl\/en\/about-festival\/volunteering\/\",\"url\":\"https:\/\/2025.lodzwielukultur.pl\/en\/about-festival\/volunteering\/\",\"name\":\"Volunteering - Festiwal\",\"isPartOf\":{\"@id\":\"https:\/\/2025.lodzwielukultur.pl\/en\/#website\"},\"primaryImageOfPage\":{\"@id\":\"https:\/\/2025.lodzwielukultur.pl\/en\/about-festival\/volunteering\/#primaryimage\"},\"image\":{\"@id\":\"https:\/\/2025.lodzwielukultur.pl\/en\/about-festival\/volunteering\/#primaryimage\"},\"thumbnailUrl\":\"https:\/\/2025.lodzwielukultur.pl\/wp-content\/uploads\/2024\/09\/FLWK24_SPACER_22_09_FOT_HAWA_DSC01028.jpg\",\"datePublished\":\"2024-06-17T23:21:22+00:00\",\"dateModified\":\"2025-07-15T08:56:46+00:00\",\"breadcrumb\":{\"@id\":\"https:\/\/2025.lodzwielukultur.pl\/en\/about-festival\/volunteering\/#breadcrumb\"},\"inLanguage\":\"en-US\",\"potentialAction\":[{\"@type\":\"ReadAction\",\"target\":[\"https:\/\/2025.lodzwielukultur.pl\/en\/about-festival\/volunteering\/\"]}]},{\"@type\":\"ImageObject\",\"inLanguage\":\"en-US\",\"@id\":\"https:\/\/2025.lodzwielukultur.pl\/en\/about-festival\/volunteering\/#primaryimage\",\"url\":\"https:\/\/2025.lodzwielukultur.pl\/wp-content\/uploads\/2024\/09\/FLWK24_SPACER_22_09_FOT_HAWA_DSC01028.jpg\",\"contentUrl\":\"https:\/\/2025.lodzwielukultur.pl\/wp-content\/uploads\/2024\/09\/FLWK24_SPACER_22_09_FOT_HAWA_DSC01028.jpg\",\"width\":2048,\"height\":1365,\"caption\":\"Spacer po G\u00f3rnej, wolontariuszki\"},{\"@type\":\"BreadcrumbList\",\"@id\":\"https:\/\/2025.lodzwielukultur.pl\/en\/about-festival\/volunteering\/#breadcrumb\",\"itemListElement\":[{\"@type\":\"ListItem\",\"position\":1,\"name\":\"Strona g\u0142\u00f3wna\",\"item\":\"https:\/\/2025.lodzwielukultur.pl\/en\/\"},{\"@type\":\"ListItem\",\"position\":2,\"name\":\"About Festival\",\"item\":\"https:\/\/2025.lodzwielukultur.pl\/en\/about-festival\/\"},{\"@type\":\"ListItem\",\"position\":3,\"name\":\"Volunteering\"}]},{\"@type\":\"WebSite\",\"@id\":\"https:\/\/2025.lodzwielukultur.pl\/en\/#website\",\"url\":\"https:\/\/2025.lodzwielukultur.pl\/en\/\",\"name\":\"Festiwal\",\"description\":\"\u0141\u00f3d\u017a Wielu Kultur\",\"publisher\":{\"@id\":\"https:\/\/2025.lodzwielukultur.pl\/en\/#organization\"},\"potentialAction\":[{\"@type\":\"SearchAction\",\"target\":{\"@type\":\"EntryPoint\",\"urlTemplate\":\"https:\/\/2025.lodzwielukultur.pl\/en\/?s={search_term_string}\"},\"query-input\":{\"@type\":\"PropertyValueSpecification\",\"valueRequired\":true,\"valueName\":\"search_term_string\"}}],\"inLanguage\":\"en-US\"},{\"@type\":\"Organization\",\"@id\":\"https:\/\/2025.lodzwielukultur.pl\/en\/#organization\",\"name\":\"Festiwal\",\"url\":\"https:\/\/2025.lodzwielukultur.pl\/en\/\",\"logo\":{\"@type\":\"ImageObject\",\"inLanguage\":\"en-US\",\"@id\":\"https:\/\/2025.lodzwielukultur.pl\/en\/#\/schema\/logo\/image\/\",\"url\":\"https:\/\/lodzwielukultur.pl\/wp-content\/uploads\/2024\/06\/logotype-1.svg\",\"contentUrl\":\"https:\/\/lodzwielukultur.pl\/wp-content\/uploads\/2024\/06\/logotype-1.svg\",\"width\":\"1024\",\"height\":\"1024\",\"caption\":\"Festiwal\"},\"image\":{\"@id\":\"https:\/\/2025.lodzwielukultur.pl\/en\/#\/schema\/logo\/image\/\"}}]}<\/script>\n<!-- \/ Yoast SEO plugin. -->","yoast_head_json":{"title":"Volunteering - Festiwal","robots":{"index":"index","follow":"follow","max-snippet":"max-snippet:-1","max-image-preview":"max-image-preview:large","max-video-preview":"max-video-preview:-1"},"canonical":"https:\/\/2025.lodzwielukultur.pl\/en\/about-festival\/volunteering\/","og_locale":"en_US","og_type":"article","og_title":"Volunteering - Festiwal","og_description":"Volunteering For who ? We&#8217;re looking for people who are ambitious, unafraid of new challenges, and eager to get a behind-the-scenes look at how a major cultural festival comes to life! It\u2019s also an opportunity to complete a required number of internship hours as part of your studies! What are we looking for? Minors can [&hellip;]","og_url":"https:\/\/2025.lodzwielukultur.pl\/en\/about-festival\/volunteering\/","og_site_name":"Festiwal","article_modified_time":"2025-07-15T08:56:46+00:00","og_image":[{"width":2048,"height":1365,"url":"https:\/\/2025.lodzwielukultur.pl\/wp-content\/uploads\/2024\/09\/FLWK24_SPACER_22_09_FOT_HAWA_DSC01028.jpg","type":"image\/jpeg"}],"twitter_card":"summary_large_image","twitter_misc":{"Est. reading time":"5 minutes"},"schema":{"@context":"https:\/\/schema.org","@graph":[{"@type":"WebPage","@id":"https:\/\/2025.lodzwielukultur.pl\/en\/about-festival\/volunteering\/","url":"https:\/\/2025.lodzwielukultur.pl\/en\/about-festival\/volunteering\/","name":"Volunteering - Festiwal","isPartOf":{"@id":"https:\/\/2025.lodzwielukultur.pl\/en\/#website"},"primaryImageOfPage":{"@id":"https:\/\/2025.lodzwielukultur.pl\/en\/about-festival\/volunteering\/#primaryimage"},"image":{"@id":"https:\/\/2025.lodzwielukultur.pl\/en\/about-festival\/volunteering\/#primaryimage"},"thumbnailUrl":"https:\/\/2025.lodzwielukultur.pl\/wp-content\/uploads\/2024\/09\/FLWK24_SPACER_22_09_FOT_HAWA_DSC01028.jpg","datePublished":"2024-06-17T23:21:22+00:00","dateModified":"2025-07-15T08:56:46+00:00","breadcrumb":{"@id":"https:\/\/2025.lodzwielukultur.pl\/en\/about-festival\/volunteering\/#breadcrumb"},"inLanguage":"en-US","potentialAction":[{"@type":"ReadAction","target":["https:\/\/2025.lodzwielukultur.pl\/en\/about-festival\/volunteering\/"]}]},{"@type":"ImageObject","inLanguage":"en-US","@id":"https:\/\/2025.lodzwielukultur.pl\/en\/about-festival\/volunteering\/#primaryimage","url":"https:\/\/2025.lodzwielukultur.pl\/wp-content\/uploads\/2024\/09\/FLWK24_SPACER_22_09_FOT_HAWA_DSC01028.jpg","contentUrl":"https:\/\/2025.lodzwielukultur.pl\/wp-content\/uploads\/2024\/09\/FLWK24_SPACER_22_09_FOT_HAWA_DSC01028.jpg","width":2048,"height":1365,"caption":"Spacer po G\u00f3rnej, wolontariuszki"},{"@type":"BreadcrumbList","@id":"https:\/\/2025.lodzwielukultur.pl\/en\/about-festival\/volunteering\/#breadcrumb","itemListElement":[{"@type":"ListItem","position":1,"name":"Strona g\u0142\u00f3wna","item":"https:\/\/2025.lodzwielukultur.pl\/en\/"},{"@type":"ListItem","position":2,"name":"About Festival","item":"https:\/\/2025.lodzwielukultur.pl\/en\/about-festival\/"},{"@type":"ListItem","position":3,"name":"Volunteering"}]},{"@type":"WebSite","@id":"https:\/\/2025.lodzwielukultur.pl\/en\/#website","url":"https:\/\/2025.lodzwielukultur.pl\/en\/","name":"Festiwal","description":"\u0141\u00f3d\u017a Wielu Kultur","publisher":{"@id":"https:\/\/2025.lodzwielukultur.pl\/en\/#organization"},"potentialAction":[{"@type":"SearchAction","target":{"@type":"EntryPoint","urlTemplate":"https:\/\/2025.lodzwielukultur.pl\/en\/?s={search_term_string}"},"query-input":{"@type":"PropertyValueSpecification","valueRequired":true,"valueName":"search_term_string"}}],"inLanguage":"en-US"},{"@type":"Organization","@id":"https:\/\/2025.lodzwielukultur.pl\/en\/#organization","name":"Festiwal","url":"https:\/\/2025.lodzwielukultur.pl\/en\/","logo":{"@type":"ImageObject","inLanguage":"en-US","@id":"https:\/\/2025.lodzwielukultur.pl\/en\/#\/schema\/logo\/image\/","url":"https:\/\/lodzwielukultur.pl\/wp-content\/uploads\/2024\/06\/logotype-1.svg","contentUrl":"https:\/\/lodzwielukultur.pl\/wp-content\/uploads\/2024\/06\/logotype-1.svg","width":"1024","height":"1024","caption":"Festiwal"},"image":{"@id":"https:\/\/2025.lodzwielukultur.pl\/en\/#\/schema\/logo\/image\/"}}]}},"_links":{"self":[{"href":"https:\/\/2025.lodzwielukultur.pl\/en\/wp-json\/wp\/v2\/pages\/3019","targetHints":{"allow":["GET"]}}],"collection":[{"href":"https:\/\/2025.lodzwielukultur.pl\/en\/wp-json\/wp\/v2\/pages"}],"about":[{"href":"https:\/\/2025.lodzwielukultur.pl\/en\/wp-json\/wp\/v2\/types\/page"}],"author":[{"embeddable":true,"href":"https:\/\/2025.lodzwielukultur.pl\/en\/wp-json\/wp\/v2\/users\/1"}],"replies":[{"embeddable":true,"href":"https:\/\/2025.lodzwielukultur.pl\/en\/wp-json\/wp\/v2\/comments?post=3019"}],"version-history":[{"count":2,"href":"https:\/\/2025.lodzwielukultur.pl\/en\/wp-json\/wp\/v2\/pages\/3019\/revisions"}],"predecessor-version":[{"id":3021,"href":"https:\/\/2025.lodzwielukultur.pl\/en\/wp-json\/wp\/v2\/pages\/3019\/revisions\/3021"}],"up":[{"embeddable":true,"href":"https:\/\/2025.lodzwielukultur.pl\/en\/wp-json\/wp\/v2\/pages\/942"}],"wp:featuredmedia":[{"embeddable":true,"href":"https:\/\/2025.lodzwielukultur.pl\/en\/wp-json\/wp\/v2\/media\/2031"}],"wp:attachment":[{"href":"https:\/\/2025.lodzwielukultur.pl\/en\/wp-json\/wp\/v2\/media?parent=3019"}],"curies":[{"name":"wp","href":"https:\/\/api.w.org\/{rel}","templated":true}]}}