{"id":1402,"date":"2024-08-21T12:08:23","date_gmt":"2024-08-21T10:08:23","guid":{"rendered":"https:\/\/lodzwielukultur.pl\/about-festival\/edition-2024\/"},"modified":"2025-07-17T11:59:00","modified_gmt":"2025-07-17T09:59:00","slug":"edition-2024","status":"publish","type":"page","link":"https:\/\/2025.lodzwielukultur.pl\/en\/about-festival\/edition-2024\/","title":{"rendered":"2025 Edition"},"content":{"rendered":"\n<h1 class=\"wp-block-heading\">2025 Edition <\/h1>\n\n<h2 class=\"wp-block-heading\"><strong>Looking back<\/strong><\/h2>\n\n<p>The \u0141\u00f3d\u017a of Many Cultures Festival has its roots in an event formerly known as the Festival of Dialogue of Four Cultures, later called the \u0141\u00f3d\u017a of Four Cultures Festival. It was established nearly 25 years ago, during a time when \u0141\u00f3d\u017a was trying to find its footing after the challenging transformations of the 1990s \u2014 searching for a new identity and rebuilding a sense of community. From the very beginning, the Festival had an important mission: to restore pride in the city\u2019s local history and to remind people that \u0141\u00f3d\u017a has always been a city of many cultures. A city built together by Poles, Jews, Germans, Russians, and others \u2014 whose diversity has always been a strength, never a weakness.    <\/p>\n\n<p>Over time, the Festival has become a space to discuss what matters most today: how we live together, how we respond to exclusion, and how we build a community based on respect, human rights, and empathy. It has shown that dialogue between cultures doesn\u2019t have to mean agreement at all costs, but rather a willingness to listen and work together. <\/p>\n\n<h2 class=\"wp-block-heading\"><strong>What we observe today<\/strong><\/h2>\n\n<p>Over the past two decades, \u0141\u00f3d\u017a has transformed \u2014 from a post-industrial city into a modern center of culture, education, and new technologies. Old factories have been given a new lease on life, and the streets are once again multilingual \u2014 more and more often we meet people from different parts of the world, sometimes coming from the other side of the globe. Since the 1950s, \u0141\u00f3d\u017a has been home to students from around the globe studying at the Polish Language Course for Foreigners (&#8220;Studium J\u0119zyka Polskiego dla Cudzoziemc\u00f3w&#8221;). Today, these \u201cnew geographies\u201d have become a natural part of the city\u2019s landscape.    <\/p>\n\n<p>The understanding of culture itself has also evolved. Today, we don\u2019t just talk about nations or religions, but also about the social and cultural identities that coexist in the city: feminist culture, queer culture, Vietnamese culture, Ukrainian culture, cultures of the African continent, the culture of people with disabilities, children and youth, as well as neighborhood and ecological cultures. We are increasingly aware that what we used to call native culture is just one part of a much larger global ecosystem \u2014 one we depended on in the past and one on which the future of all of us depends.  <\/p>\n\n<p>That\u2019s why this year we will also look at \u0141\u00f3d\u017a from a post-colonial perspective. Although the city developed thanks to local labor, its industrial success was not separate from global processes of domination and exploitation. From a historical standpoint, we will discuss what often remains in the shadows \u2014 the origins of the cotton that flowed into \u0141\u00f3d\u017a\u2019s factories in the 19th century, and the people who picked it \u2014 enslaved workers on plantations in the United States. Though geographically distant, \u0141\u00f3d\u017a was part of this network of connections: it benefited from resources and labor obtained under conditions of oppression, colonial domination, and racism.    <\/p>\n\n<p>This perspective places the history of \u0141\u00f3d\u017a within a broader\u2014global\u2014context. It reminds us that our city did not emerge in a vacuum but within a web of power, violence, and dependency relations that involved not only social classes but also racial and cultural divisions. This calls for not only a new way of looking at the past but also a critical reflection on today\u2019s world\u2014on how the traces of those past dependencies continue to shape our relationships, systems, and perceptions.  <\/p>\n\n<p>In this new reality, it is also important to look at what work was and what it is today with a sensitivity different from before \u2014 especially in \u0141\u00f3d\u017a, a city that for decades developed thanks to the efforts of thousands of people. Today, we want to talk about work ethics, social justice, and solidarity \u2014 including within the cultural sector itself, which also needs new, more sustainable solutions. <\/p>\n\n<p>And let&#8217;s not forget the people who built this city. From the very beginning, the Festival has highlighted figures who were not always present in history textbooks but had a profound impact on shaping the local culture. This year, we bring to light the stories of Wanda Jakubowska, Dina Matus, Ida Brauner, and Joanna Kulmowa \u2014 courageous, committed, and creative women. Their biographies weave together diverse threads: artistic, social, political, and personal. All of them show that the city\u2019s history often includes the invisible or overlooked, yet consistent and persistent work of women who gave this place not only its shape but also its meaning. In the Year of \u0141\u00f3d\u017a Women Initiators, we want to tell this story louder, more attentively, and with pride.     <\/p>\n\n<h2 class=\"wp-block-heading\"><strong>Our vision for tomorrow<\/strong><\/h2>\n\n<p>Under the new banner &#8211; the \u0141\u00f3d\u017a of Many Cultures Festival &#8211; we are not abandoning the past. On the contrary: we hold on to it tightly, but we look forward. We want to be a mirror in which \u0141\u00f3d\u017a can see itself &#8211; but also a space that helps coping with change. We are building the city of the future: open, responsive, diverse, conscious.   <\/p>\n\n<p>The festival will host artists from various fields: theater, performance, literature, music, dance, visual arts and activism. We want to connect the international scene with the local one, large cultural institutions with small non-profit organizations, recognizable people with those who work \u201cquietly\u201d but just as importantly. <\/p>\n\n<p>We believe that culture can be a space of encounter and dialogue and that \u0141\u00f3d\u017a is able, like no other city, to make something unique from this dialogue. Let&#8217;s build this common story together!  <\/p>\n\n<p>We invite you to have a look at the <a href=\"https:\/\/lodzwielukultur.pl\/en\/events\/\">PROGRAM <\/a>of this year\u2019s edition.<\/p>\n\n<figure class=\"wp-block-gallery has-nested-images columns-default is-cropped wp-block-gallery-1 is-layout-flex wp-block-gallery-is-layout-flex\"><\/figure>\n\n<figure class=\"wp-block-gallery has-nested-images columns-default is-cropped wp-block-gallery-2 is-layout-flex wp-block-gallery-is-layout-flex\"><\/figure>\n","protected":false},"excerpt":{"rendered":"<p>2025 Edition Looking back The \u0141\u00f3d\u017a of Many Cultures Festival has its roots in an event formerly known as the Festival of Dialogue of Four Cultures, later called the \u0141\u00f3d\u017a of Four Cultures Festival. It was established nearly 25 years ago, during a time when \u0141\u00f3d\u017a was trying to find its footing after the challenging [&hellip;]<\/p>\n","protected":false},"author":3,"featured_media":2866,"parent":942,"menu_order":0,"comment_status":"closed","ping_status":"closed","template":"","meta":{"_acf_changed":false,"inline_featured_image":false,"footnotes":""},"class_list":["post-1402","page","type-page","status-publish","has-post-thumbnail","hentry"],"acf":[],"yoast_head":"<!-- This site is optimized with the Yoast SEO plugin v25.9 - https:\/\/yoast.com\/wordpress\/plugins\/seo\/ -->\n<title>2025 Edition - Festiwal<\/title>\n<meta name=\"description\" content=\"The six programme tracks of this year&#039;s \u0141\u00f3d\u017a of Many Cultures Festival - 2024 edition.\" \/>\n<meta name=\"robots\" content=\"index, follow, max-snippet:-1, max-image-preview:large, max-video-preview:-1\" \/>\n<link rel=\"canonical\" href=\"https:\/\/2025.lodzwielukultur.pl\/en\/about-festival\/edition-2024\/\" \/>\n<meta property=\"og:locale\" content=\"en_US\" \/>\n<meta property=\"og:type\" content=\"article\" \/>\n<meta property=\"og:title\" content=\"2025 Edition - Festiwal\" \/>\n<meta property=\"og:description\" content=\"The six programme tracks of this year&#039;s \u0141\u00f3d\u017a of Many Cultures Festival - 2024 edition.\" \/>\n<meta property=\"og:url\" content=\"https:\/\/2025.lodzwielukultur.pl\/en\/about-festival\/edition-2024\/\" \/>\n<meta property=\"og:site_name\" content=\"Festiwal\" \/>\n<meta property=\"article:modified_time\" content=\"2025-07-17T09:59:00+00:00\" \/>\n<meta property=\"og:image\" content=\"https:\/\/2025.lodzwielukultur.pl\/wp-content\/uploads\/2025\/07\/grafika_2025.jpg\" \/>\n\t<meta property=\"og:image:width\" content=\"1200\" \/>\n\t<meta property=\"og:image:height\" content=\"675\" \/>\n\t<meta property=\"og:image:type\" content=\"image\/jpeg\" \/>\n<meta name=\"twitter:card\" content=\"summary_large_image\" \/>\n<meta name=\"twitter:label1\" content=\"Est. reading time\" \/>\n\t<meta name=\"twitter:data1\" content=\"5 minutes\" \/>\n<script type=\"application\/ld+json\" class=\"yoast-schema-graph\">{\"@context\":\"https:\/\/schema.org\",\"@graph\":[{\"@type\":\"WebPage\",\"@id\":\"https:\/\/2025.lodzwielukultur.pl\/en\/about-festival\/edition-2024\/\",\"url\":\"https:\/\/2025.lodzwielukultur.pl\/en\/about-festival\/edition-2024\/\",\"name\":\"2025 Edition - Festiwal\",\"isPartOf\":{\"@id\":\"https:\/\/2025.lodzwielukultur.pl\/en\/#website\"},\"primaryImageOfPage\":{\"@id\":\"https:\/\/2025.lodzwielukultur.pl\/en\/about-festival\/edition-2024\/#primaryimage\"},\"image\":{\"@id\":\"https:\/\/2025.lodzwielukultur.pl\/en\/about-festival\/edition-2024\/#primaryimage\"},\"thumbnailUrl\":\"https:\/\/2025.lodzwielukultur.pl\/wp-content\/uploads\/2025\/07\/grafika_2025.jpg\",\"datePublished\":\"2024-08-21T10:08:23+00:00\",\"dateModified\":\"2025-07-17T09:59:00+00:00\",\"description\":\"The six programme tracks of this year's \u0141\u00f3d\u017a of Many Cultures Festival - 2024 edition.\",\"breadcrumb\":{\"@id\":\"https:\/\/2025.lodzwielukultur.pl\/en\/about-festival\/edition-2024\/#breadcrumb\"},\"inLanguage\":\"en-US\",\"potentialAction\":[{\"@type\":\"ReadAction\",\"target\":[\"https:\/\/2025.lodzwielukultur.pl\/en\/about-festival\/edition-2024\/\"]}]},{\"@type\":\"ImageObject\",\"inLanguage\":\"en-US\",\"@id\":\"https:\/\/2025.lodzwielukultur.pl\/en\/about-festival\/edition-2024\/#primaryimage\",\"url\":\"https:\/\/2025.lodzwielukultur.pl\/wp-content\/uploads\/2025\/07\/grafika_2025.jpg\",\"contentUrl\":\"https:\/\/2025.lodzwielukultur.pl\/wp-content\/uploads\/2025\/07\/grafika_2025.jpg\",\"width\":1200,\"height\":675,\"caption\":\"kolorowa grafika Festiwalu 2025\"},{\"@type\":\"BreadcrumbList\",\"@id\":\"https:\/\/2025.lodzwielukultur.pl\/en\/about-festival\/edition-2024\/#breadcrumb\",\"itemListElement\":[{\"@type\":\"ListItem\",\"position\":1,\"name\":\"Strona g\u0142\u00f3wna\",\"item\":\"https:\/\/2025.lodzwielukultur.pl\/en\/\"},{\"@type\":\"ListItem\",\"position\":2,\"name\":\"About Festival\",\"item\":\"https:\/\/2025.lodzwielukultur.pl\/en\/about-festival\/\"},{\"@type\":\"ListItem\",\"position\":3,\"name\":\"2025 Edition\"}]},{\"@type\":\"WebSite\",\"@id\":\"https:\/\/2025.lodzwielukultur.pl\/en\/#website\",\"url\":\"https:\/\/2025.lodzwielukultur.pl\/en\/\",\"name\":\"Festiwal\",\"description\":\"\u0141\u00f3d\u017a Wielu Kultur\",\"publisher\":{\"@id\":\"https:\/\/2025.lodzwielukultur.pl\/en\/#organization\"},\"potentialAction\":[{\"@type\":\"SearchAction\",\"target\":{\"@type\":\"EntryPoint\",\"urlTemplate\":\"https:\/\/2025.lodzwielukultur.pl\/en\/?s={search_term_string}\"},\"query-input\":{\"@type\":\"PropertyValueSpecification\",\"valueRequired\":true,\"valueName\":\"search_term_string\"}}],\"inLanguage\":\"en-US\"},{\"@type\":\"Organization\",\"@id\":\"https:\/\/2025.lodzwielukultur.pl\/en\/#organization\",\"name\":\"Festiwal\",\"url\":\"https:\/\/2025.lodzwielukultur.pl\/en\/\",\"logo\":{\"@type\":\"ImageObject\",\"inLanguage\":\"en-US\",\"@id\":\"https:\/\/2025.lodzwielukultur.pl\/en\/#\/schema\/logo\/image\/\",\"url\":\"https:\/\/lodzwielukultur.pl\/wp-content\/uploads\/2024\/06\/logotype-1.svg\",\"contentUrl\":\"https:\/\/lodzwielukultur.pl\/wp-content\/uploads\/2024\/06\/logotype-1.svg\",\"width\":\"1024\",\"height\":\"1024\",\"caption\":\"Festiwal\"},\"image\":{\"@id\":\"https:\/\/2025.lodzwielukultur.pl\/en\/#\/schema\/logo\/image\/\"}}]}<\/script>\n<!-- \/ Yoast SEO plugin. -->","yoast_head_json":{"title":"2025 Edition - Festiwal","description":"The six programme tracks of this year's \u0141\u00f3d\u017a of Many Cultures Festival - 2024 edition.","robots":{"index":"index","follow":"follow","max-snippet":"max-snippet:-1","max-image-preview":"max-image-preview:large","max-video-preview":"max-video-preview:-1"},"canonical":"https:\/\/2025.lodzwielukultur.pl\/en\/about-festival\/edition-2024\/","og_locale":"en_US","og_type":"article","og_title":"2025 Edition - Festiwal","og_description":"The six programme tracks of this year's \u0141\u00f3d\u017a of Many Cultures Festival - 2024 edition.","og_url":"https:\/\/2025.lodzwielukultur.pl\/en\/about-festival\/edition-2024\/","og_site_name":"Festiwal","article_modified_time":"2025-07-17T09:59:00+00:00","og_image":[{"width":1200,"height":675,"url":"https:\/\/2025.lodzwielukultur.pl\/wp-content\/uploads\/2025\/07\/grafika_2025.jpg","type":"image\/jpeg"}],"twitter_card":"summary_large_image","twitter_misc":{"Est. reading time":"5 minutes"},"schema":{"@context":"https:\/\/schema.org","@graph":[{"@type":"WebPage","@id":"https:\/\/2025.lodzwielukultur.pl\/en\/about-festival\/edition-2024\/","url":"https:\/\/2025.lodzwielukultur.pl\/en\/about-festival\/edition-2024\/","name":"2025 Edition - Festiwal","isPartOf":{"@id":"https:\/\/2025.lodzwielukultur.pl\/en\/#website"},"primaryImageOfPage":{"@id":"https:\/\/2025.lodzwielukultur.pl\/en\/about-festival\/edition-2024\/#primaryimage"},"image":{"@id":"https:\/\/2025.lodzwielukultur.pl\/en\/about-festival\/edition-2024\/#primaryimage"},"thumbnailUrl":"https:\/\/2025.lodzwielukultur.pl\/wp-content\/uploads\/2025\/07\/grafika_2025.jpg","datePublished":"2024-08-21T10:08:23+00:00","dateModified":"2025-07-17T09:59:00+00:00","description":"The six programme tracks of this year's \u0141\u00f3d\u017a of Many Cultures Festival - 2024 edition.","breadcrumb":{"@id":"https:\/\/2025.lodzwielukultur.pl\/en\/about-festival\/edition-2024\/#breadcrumb"},"inLanguage":"en-US","potentialAction":[{"@type":"ReadAction","target":["https:\/\/2025.lodzwielukultur.pl\/en\/about-festival\/edition-2024\/"]}]},{"@type":"ImageObject","inLanguage":"en-US","@id":"https:\/\/2025.lodzwielukultur.pl\/en\/about-festival\/edition-2024\/#primaryimage","url":"https:\/\/2025.lodzwielukultur.pl\/wp-content\/uploads\/2025\/07\/grafika_2025.jpg","contentUrl":"https:\/\/2025.lodzwielukultur.pl\/wp-content\/uploads\/2025\/07\/grafika_2025.jpg","width":1200,"height":675,"caption":"kolorowa grafika Festiwalu 2025"},{"@type":"BreadcrumbList","@id":"https:\/\/2025.lodzwielukultur.pl\/en\/about-festival\/edition-2024\/#breadcrumb","itemListElement":[{"@type":"ListItem","position":1,"name":"Strona g\u0142\u00f3wna","item":"https:\/\/2025.lodzwielukultur.pl\/en\/"},{"@type":"ListItem","position":2,"name":"About Festival","item":"https:\/\/2025.lodzwielukultur.pl\/en\/about-festival\/"},{"@type":"ListItem","position":3,"name":"2025 Edition"}]},{"@type":"WebSite","@id":"https:\/\/2025.lodzwielukultur.pl\/en\/#website","url":"https:\/\/2025.lodzwielukultur.pl\/en\/","name":"Festiwal","description":"\u0141\u00f3d\u017a Wielu Kultur","publisher":{"@id":"https:\/\/2025.lodzwielukultur.pl\/en\/#organization"},"potentialAction":[{"@type":"SearchAction","target":{"@type":"EntryPoint","urlTemplate":"https:\/\/2025.lodzwielukultur.pl\/en\/?s={search_term_string}"},"query-input":{"@type":"PropertyValueSpecification","valueRequired":true,"valueName":"search_term_string"}}],"inLanguage":"en-US"},{"@type":"Organization","@id":"https:\/\/2025.lodzwielukultur.pl\/en\/#organization","name":"Festiwal","url":"https:\/\/2025.lodzwielukultur.pl\/en\/","logo":{"@type":"ImageObject","inLanguage":"en-US","@id":"https:\/\/2025.lodzwielukultur.pl\/en\/#\/schema\/logo\/image\/","url":"https:\/\/lodzwielukultur.pl\/wp-content\/uploads\/2024\/06\/logotype-1.svg","contentUrl":"https:\/\/lodzwielukultur.pl\/wp-content\/uploads\/2024\/06\/logotype-1.svg","width":"1024","height":"1024","caption":"Festiwal"},"image":{"@id":"https:\/\/2025.lodzwielukultur.pl\/en\/#\/schema\/logo\/image\/"}}]}},"_links":{"self":[{"href":"https:\/\/2025.lodzwielukultur.pl\/en\/wp-json\/wp\/v2\/pages\/1402","targetHints":{"allow":["GET"]}}],"collection":[{"href":"https:\/\/2025.lodzwielukultur.pl\/en\/wp-json\/wp\/v2\/pages"}],"about":[{"href":"https:\/\/2025.lodzwielukultur.pl\/en\/wp-json\/wp\/v2\/types\/page"}],"author":[{"embeddable":true,"href":"https:\/\/2025.lodzwielukultur.pl\/en\/wp-json\/wp\/v2\/users\/3"}],"replies":[{"embeddable":true,"href":"https:\/\/2025.lodzwielukultur.pl\/en\/wp-json\/wp\/v2\/comments?post=1402"}],"version-history":[{"count":8,"href":"https:\/\/2025.lodzwielukultur.pl\/en\/wp-json\/wp\/v2\/pages\/1402\/revisions"}],"predecessor-version":[{"id":3079,"href":"https:\/\/2025.lodzwielukultur.pl\/en\/wp-json\/wp\/v2\/pages\/1402\/revisions\/3079"}],"up":[{"embeddable":true,"href":"https:\/\/2025.lodzwielukultur.pl\/en\/wp-json\/wp\/v2\/pages\/942"}],"wp:featuredmedia":[{"embeddable":true,"href":"https:\/\/2025.lodzwielukultur.pl\/en\/wp-json\/wp\/v2\/media\/2866"}],"wp:attachment":[{"href":"https:\/\/2025.lodzwielukultur.pl\/en\/wp-json\/wp\/v2\/media?parent=1402"}],"curies":[{"name":"wp","href":"https:\/\/api.w.org\/{rel}","templated":true}]}}